{"id":2,"date":"2024-01-31T20:19:22","date_gmt":"2024-01-31T19:19:22","guid":{"rendered":"http:\/\/alfonsojesusherrera.es\/?page_id=2"},"modified":"2024-05-01T19:08:21","modified_gmt":"2024-05-01T17:08:21","slug":"pagina-ejemplo","status":"publish","type":"page","link":"https:\/\/alfonsojesusherrera.es\/?page_id=2","title":{"rendered":"Un viaje en el tiempo"},"content":{"rendered":"\n<p class=\"has-text-align-center has-intrace-primary-color has-text-color has-background has-link-color wp-elements-3a6cdfef895ef8f65dcd6ae5b88c8f1f\" style=\"background-color:#17171700;margin-top:var(--wp--preset--spacing--50);margin-right:var(--wp--preset--spacing--70);margin-bottom:var(--wp--preset--spacing--50);margin-left:var(--wp--preset--spacing--70)\">Ca\u00eda el 11 de enero del a\u00f1o 1996 cuando vi por primera vez la luz del mundo. Ser\u00eda ah\u00ed cuando empezara mi camino hasta ser quien soy hoy, as\u00ed que, \u00bfpor qu\u00e9 no me acompa\u00f1as en este viaje por mi vida?<\/p>\n\n\n\n<blockquote class=\"wp-block-quote is-layout-flow wp-block-quote-is-layout-flow\">\n<p class=\"has-text-align-center\" style=\"margin-right:var(--wp--preset--spacing--70);margin-left:var(--wp--preset--spacing--70)\">&#8220;En el vasto escenario de la vida, eres el director de tu propia historia. \u00a1Lev\u00e1ntate cada ma\u00f1ana con determinaci\u00f3n, persigue tus sue\u00f1os con valent\u00eda y convierte cada obst\u00e1culo en una oportunidad para brillar con a\u00fan m\u00e1s fuerza!&#8221;<\/p>\n<\/blockquote>\n\n\n\n<p class=\"has-text-align-center has-intrace-primary-color has-text-color has-background has-link-color wp-elements-0fcd9de0cd32a09d1fdb33fb9f78061f\" style=\"background-color:#17171700;margin-top:var(--wp--preset--spacing--50);margin-right:var(--wp--preset--spacing--70);margin-bottom:var(--wp--preset--spacing--50);margin-left:var(--wp--preset--spacing--70)\">Me considero una persona normal, con sus gustos, aficiones, d\u00edas buenos y no tan buenos, como todos en este planeta tan maravilloso. Y s\u00ed, maravilloso porque soy un aficionado a la astronom\u00eda desde peque\u00f1ito. El observar la luna y las estrellas (a veces tambi\u00e9n el sol aunque me quedara ciego por momentos) y preguntarme qu\u00e9 hacen all\u00ed o qu\u00e9 tipo de estrella estaba viendo en el cielo me despertaba una curiosidad que no sol\u00eda tener con nada. Imaginarme la inmensidad del espacio que me mostraban los cientos de documentales que ve\u00eda o las enciclopedias que me le\u00eda y no llegar a comprenderlo por mucho que me empe\u00f1ara repercut\u00eda en un af\u00e1n m\u00e1s grande a\u00fan por buscar ese camino que me ayudara a entender un poco el por qu\u00e9 y el como.<\/p>\n\n\n\n<p class=\"has-text-align-center has-intrace-primary-color has-text-color has-background has-link-color wp-elements-d62baea68a5187662836e4403b7aa17f\" style=\"background-color:#17171700;margin-top:var(--wp--preset--spacing--50);margin-right:var(--wp--preset--spacing--70);margin-bottom:var(--wp--preset--spacing--50);margin-left:var(--wp--preset--spacing--70)\">No sabr\u00eda decir con exactitud que me mueve a tener tal admiraci\u00f3n por el cosmos, tal vez sea la absoluta belleza y complejidad que muestra cuando te adentras un poquito en \u00e9l, o tal vez la energ\u00eda tan bonita, buena y pura que manifiesto y vibra dentro de m\u00ed cuando lo observo sin pensar en nada.<\/p>\n\n\n\n<hr class=\"wp-block-separator has-alpha-channel-opacity\" style=\"margin-top:var(--wp--preset--spacing--70);margin-bottom:var(--wp--preset--spacing--70)\"\/>\n\n\n\n<figure class=\"wp-block-image aligncenter size-large is-style-rounded\"><img loading=\"lazy\" decoding=\"async\" width=\"1024\" height=\"683\" src=\"https:\/\/alfonsojesusherrera.es\/wp-content\/uploads\/2024\/05\/UNIVERSO-1024x683.jpg\" alt=\"\" class=\"wp-image-113\" srcset=\"https:\/\/alfonsojesusherrera.es\/wp-content\/uploads\/2024\/05\/UNIVERSO-1024x683.jpg 1024w, https:\/\/alfonsojesusherrera.es\/wp-content\/uploads\/2024\/05\/UNIVERSO-300x200.jpg 300w, https:\/\/alfonsojesusherrera.es\/wp-content\/uploads\/2024\/05\/UNIVERSO-768x512.jpg 768w, https:\/\/alfonsojesusherrera.es\/wp-content\/uploads\/2024\/05\/UNIVERSO-1536x1024.jpg 1536w, https:\/\/alfonsojesusherrera.es\/wp-content\/uploads\/2024\/05\/UNIVERSO-2048x1365.jpg 2048w\" sizes=\"(max-width: 1024px) 100vw, 1024px\" \/><\/figure>\n\n\n\n<hr class=\"wp-block-separator has-alpha-channel-opacity\" style=\"margin-top:var(--wp--preset--spacing--70);margin-bottom:var(--wp--preset--spacing--70)\"\/>\n\n\n\n<p class=\"has-text-align-center has-intrace-primary-color has-text-color has-link-color wp-elements-f85deb2e712cbce5c55df6cfcc7e9556\" style=\"margin-top:var(--wp--preset--spacing--50);margin-right:var(--wp--preset--spacing--70);margin-bottom:var(--wp--preset--spacing--50);margin-left:var(--wp--preset--spacing--70)\">No obstante la base de mi persona no queda ah\u00ed solamente, siempre he sido alguien inquieto, que no puede tener el culo quieto vaya, siendo el deporte una v\u00eda magn\u00edfica para canalizar toda esa energ\u00eda y a la vez para relacionarme con personas dentro del mismo c\u00edrculo social que a m\u00ed me gustaba, conociendo a much\u00edsima gente y haciendo un mont\u00f3n de amigos, los cuales hoy d\u00eda siguen presentes.<\/p>\n\n\n\n<p class=\"has-text-align-center has-intrace-primary-color has-text-color has-link-color wp-elements-ce8498833ccd38b095766849e879b448\" style=\"margin-top:var(--wp--preset--spacing--50);margin-right:var(--wp--preset--spacing--70);margin-bottom:var(--wp--preset--spacing--50);margin-left:var(--wp--preset--spacing--70)\">A lo largo de mi vida y hasta el d\u00eda presente he practicado una gran variedad de deportes. Tenis, p\u00e1del, baloncesto, balonmano&#8230; siendo el f\u00fatbol y la nataci\u00f3n los reyes, y en los que m\u00e1s tiempo dediqu\u00e9, consiguiendo en este \u00faltimo a parte de logros deportivos (podios en campeonatos auton\u00f3micos de Extremadura, clasificaciones, mejores marcas personales&#8230;) una satisfacci\u00f3n personal dif\u00edcilmente comparable a nada que haya experimentado hasta entonces, ya que la nataci\u00f3n es mayoritariamente un deporte individual, no dependiendo de nadie m\u00e1s que de ti y de tu esfuerzo a la hora de conseguir resultados y ganar. Pero como he comentado, en toda mayor\u00eda siempre existe algo que falta, esa minor\u00eda, y es que en nataci\u00f3n aunque la individualidad sea la que ejerza la mayor fuerza, tu equipo depende de ti para conseguir resultados, por lo que te exige ese plus extra que se da en deportes de equipo, sin serlo. Siempre estar\u00e9 agradecido con esta disciplina, ya que fue la base y el comienzo del desarrollo de aptitudes como la constancia, la resiliencia, el esfuerzo, el compa\u00f1erismo, el trabajo en equipo y el respeto.<\/p>\n\n\n\n<hr class=\"wp-block-separator has-alpha-channel-opacity\" style=\"margin-top:var(--wp--preset--spacing--70);margin-bottom:var(--wp--preset--spacing--70)\"\/>\n\n\n\n<figure class=\"wp-block-image aligncenter size-large is-style-rounded\"><img loading=\"lazy\" decoding=\"async\" width=\"1024\" height=\"768\" src=\"https:\/\/alfonsojesusherrera.es\/wp-content\/uploads\/2024\/05\/NATACION-1024x768.jpg\" alt=\"\" class=\"wp-image-118\" srcset=\"https:\/\/alfonsojesusherrera.es\/wp-content\/uploads\/2024\/05\/NATACION-1024x768.jpg 1024w, https:\/\/alfonsojesusherrera.es\/wp-content\/uploads\/2024\/05\/NATACION-300x225.jpg 300w, https:\/\/alfonsojesusherrera.es\/wp-content\/uploads\/2024\/05\/NATACION-768x576.jpg 768w, https:\/\/alfonsojesusherrera.es\/wp-content\/uploads\/2024\/05\/NATACION-1536x1152.jpg 1536w, https:\/\/alfonsojesusherrera.es\/wp-content\/uploads\/2024\/05\/NATACION.jpg 2000w\" sizes=\"(max-width: 1024px) 100vw, 1024px\" \/><\/figure>\n\n\n\n<hr class=\"wp-block-separator has-alpha-channel-opacity is-style-default\" style=\"margin-top:var(--wp--preset--spacing--70);margin-bottom:var(--wp--preset--spacing--70)\"\/>\n\n\n\n<p class=\"has-text-align-center has-intrace-primary-color has-text-color has-link-color wp-elements-96aa13a9a29a930a3d885eb313134b75\" style=\"margin-top:var(--wp--preset--spacing--50);margin-right:var(--wp--preset--spacing--70);margin-bottom:var(--wp--preset--spacing--50);margin-left:var(--wp--preset--spacing--70)\">Bien es de decir que no soy persona que se limite a realizar una sola actividad, y en mi vida hay una que es la que abarca sin duda una mayor l\u00ednea temporal, la m\u00fasica.<\/p>\n\n\n\n<p class=\"has-text-align-center has-intrace-primary-color has-text-color has-link-color wp-elements-300f1c5ba95423e3a6695c01a66aa975\" style=\"margin-top:var(--wp--preset--spacing--50);margin-right:var(--wp--preset--spacing--70);margin-bottom:var(--wp--preset--spacing--50);margin-left:var(--wp--preset--spacing--70)\">Desde aproximadamente que ten\u00eda 12 a\u00f1os empec\u00e9 a estudiar m\u00fasica y a aprender a tocar un instrumento en la escuela de m\u00fasica de la banda de mi pueblo, Puebla de la Calzada, aunque realmente desde que ten\u00eda uso de raz\u00f3n me ha apasionado la m\u00fasica y los sonidos, fabricando bater\u00edas con cubos, latas de aceitunas y cajas (de los vecinos no digo nada). Desde el d\u00eda que empec\u00e9 formalmente a estudiarla supuso un punto de inflexi\u00f3n en mi vida, ya que no s\u00f3lo sirve como ejercicio mental, si no como terapia. Bien es sabido de las bondades y los aspectos tan positivos que tiene la m\u00fasica, pero mi paso por diferentes agrupaciones me permiti\u00f3 explorar y aprender diferentes tipos de instrumentos los cuales de no haber sido por ese recorrido seguramente nunca me hubiera planteado si quiera el pensarlos, desde clarinete, tambor, xil\u00f3fono o lira, hasta trompeta, corneta o bombardino. Personalmente tengo gran afici\u00f3n por la m\u00fasica cofrade, disciplina la cual exige un compromiso y un esfuerzo enorme para tocar m\u00fasica a nivel amateur debido a la cantidad de ensayos y de eventos, pero que a la vez me reconforta y recarga de energ\u00eda contra los momentos m\u00e1s dif\u00edciles que puede dar la vida. <\/p>\n\n\n\n<p class=\"has-text-align-center has-intrace-primary-color has-text-color has-link-color wp-elements-ab5a9d831e3afe393b69591482026a49\" style=\"margin-top:var(--wp--preset--spacing--50);margin-right:var(--wp--preset--spacing--70);margin-bottom:var(--wp--preset--spacing--50);margin-left:var(--wp--preset--spacing--70)\">He vivido mil an\u00e9cdotas y momentos en todos los a\u00f1os que llevo como m\u00fasico, (a\u00f1os que todav\u00eda siguen contando puesto que actualmente sigo ejerciendo, estudiando y practicando para ser cada vez un poquito mejor) y seguro que vivir\u00e9 otros mil m\u00e1s, pero sin duda, con el que me quedo es con el d\u00eda que consegu\u00ed el objetivo con el que llevaba so\u00f1ando desde peque\u00f1o, ese sue\u00f1o que era inalcanzable tanto por las condiciones geogr\u00e1ficas como personales, siendo este el d\u00eda en el que pas\u00e9 a formar parte de la banda de cornetas y tambores Nuestra Se\u00f1ora de la Victoria &#8220;La Cigarreras&#8221;. Cualquier m\u00fasico y no m\u00fasico habr\u00e1 escuchado alguna vez el nombre de dicha banda, y si ha tenido suerte tambi\u00e9n la habr\u00e1 escuchado en directo, hablamos de una de las bandas de cornetas y tambores m\u00e1s prestigiosa dentro del mundo cofrade, si no la que m\u00e1s, destacando por su incre\u00edble sonoridad, musicalidad y profesionalidad al interpretar y trabajar, adjetivos los cuales exige much\u00edsima disciplina al m\u00fasico&#8230; \u00a1y qu\u00e9 suerte!, porque no es de otra manera que se consigue ser el mejor, tanto en la m\u00fasica como en cualquier aspecto de la vida diaria.<\/p>\n\n\n\n<hr class=\"wp-block-separator has-alpha-channel-opacity\" style=\"margin-top:var(--wp--preset--spacing--70);margin-bottom:var(--wp--preset--spacing--70)\"\/>\n\n\n\n<figure class=\"wp-block-image aligncenter size-full is-style-rounded\"><img loading=\"lazy\" decoding=\"async\" width=\"850\" height=\"567\" src=\"https:\/\/alfonsojesusherrera.es\/wp-content\/uploads\/2024\/05\/WhatsApp-Image-2024-05-01-at-18.01.11-2.jpeg\" alt=\"\" class=\"wp-image-127\" srcset=\"https:\/\/alfonsojesusherrera.es\/wp-content\/uploads\/2024\/05\/WhatsApp-Image-2024-05-01-at-18.01.11-2.jpeg 850w, https:\/\/alfonsojesusherrera.es\/wp-content\/uploads\/2024\/05\/WhatsApp-Image-2024-05-01-at-18.01.11-2-300x200.jpeg 300w, https:\/\/alfonsojesusherrera.es\/wp-content\/uploads\/2024\/05\/WhatsApp-Image-2024-05-01-at-18.01.11-2-768x512.jpeg 768w\" sizes=\"(max-width: 850px) 100vw, 850px\" \/><\/figure>\n\n\n\n<hr class=\"wp-block-separator has-alpha-channel-opacity\" style=\"margin-top:var(--wp--preset--spacing--70);margin-bottom:var(--wp--preset--spacing--70)\"\/>\n\n\n\n<p class=\"has-text-align-center has-intrace-primary-color has-text-color has-link-color wp-elements-e73e52353c0c1b4c2b4fa47bdea9541a\" style=\"margin-top:var(--wp--preset--spacing--50);margin-right:var(--wp--preset--spacing--70);margin-bottom:var(--wp--preset--spacing--50);margin-left:var(--wp--preset--spacing--70)\">Y profesionalmente, \u00bfqu\u00e9 es de m\u00ed?. Pues bien, mi historia acad\u00e9mica empieza donde empieza la de cualquier chaval, de la guarder\u00eda al colegio, del colegio al instituto, y del instituto a la un..Al instituto, exacto, yo no he estudiado carrera universitaria, y esto tiene una explicaci\u00f3n muy sencilla, pero hay que remontarse tiempo atr\u00e1s. Desde siempre he sido una persona con las ideas muy claras, siendo peque\u00f1ito me fascinaba la construcci\u00f3n, el dise\u00f1ar casas, t\u00faneles, atracciones de feria e incluso estadios de f\u00fatbol, siendo tal el caso de llevarlo a la realidad que constru\u00eda todas estas edificaciones (de aquella manera) para que mi h\u00e1mster pudiera corretearlas y explorarlas. Lo ten\u00eda claro, quer\u00eda ser arquitecto, peeeero hab\u00eda un problema, las matem\u00e1ticas, disciplina la cual no le ten\u00eda especial cari\u00f1o. Al cursar bachillerato, esos dos a\u00f1os tan odiados por todos, me di cuenta que toda mi juventud estuve enga\u00f1\u00e1ndome a m\u00ed mismo sobre mi verdadera pasi\u00f3n, y es que no me gustaba construir, lo que realmente me gustaba era dise\u00f1ar, plasmar todo lo descrito anteriormente en mapas, en programas de ordenador, hacerlos bonitos, coloridos e impresionantes. Me encantaba crear escenas de luz en los estadios que constru\u00eda y formas exteriores a los aleda\u00f1os dignas de una obra de Picasso. Era tanta la ceguera que ten\u00eda, que fue en ese momento en el que empec\u00e9 a valorar el blog que dise\u00f1\u00e9 en TIC sobre las construcciones m\u00e1s asombrosas del S.XXI (el cual era flipante), las fotos editadas con el Photoshop de aquella \u00e9poca o las maquetas realizadas con materiales que encontr\u00e1bamos por el parque de al lado de mi instituto. Yo no quer\u00eda construir, yo quer\u00eda dise\u00f1ar.<\/p>\n\n\n\n<p class=\"has-text-align-center has-intrace-primary-color has-text-color has-link-color wp-elements-87580b599171f6561219bc3bd4555ed0\" style=\"margin-top:var(--wp--preset--spacing--50);margin-right:var(--wp--preset--spacing--70);margin-bottom:var(--wp--preset--spacing--50);margin-left:var(--wp--preset--spacing--70)\">\u00bfPero que sucede cuando se junta la inseguridad propia de una persona de 18 a\u00f1os y las sugerencias de los orientadores?, pues que eliges el camino &#8220;correcto&#8221;. Cambi\u00e9 la direcci\u00f3n de mis pensamientos radicalmente, en ese momento fue el &#8220;boom&#8221; de las energ\u00edas renovables, as\u00ed que ante la incertidumbre y la duda de como ser\u00eda mi futuro como dise\u00f1ador (de videojuegos en este caso), decid\u00ed apostar por el verde, y estudi\u00e9 dos grados superiores, el primero de eficiencia energ\u00e9tica y energ\u00eda solar t\u00e9rmica, y el segundo de energ\u00edas renovables. \u00bfY por qu\u00e9 no entraste en la universidad? os preguntar\u00e9is, pues bien, porque veo en la calidad de conocimiento que adquieras en la formaci\u00f3n superior sobre un espec\u00edfico y concreto una diferencia muy grande respecto a una carrera. Vas al grano y a lo hecho, a lo importante y pr\u00e1ctico, filosof\u00eda que llevo a rajatabla en absolutamente todo lo que acontece mi vida. Valoro much\u00edsimo el tiempo, de ah\u00ed mi faceta autodidacta tambi\u00e9n.<\/p>\n\n\n\n<p class=\"has-text-align-center has-intrace-primary-color has-text-color has-link-color wp-elements-463a915ffc6d0bf10bcaafe1046e92a3\" style=\"margin-top:var(--wp--preset--spacing--50);margin-right:var(--wp--preset--spacing--70);margin-bottom:var(--wp--preset--spacing--50);margin-left:var(--wp--preset--spacing--70)\">Al terminar los estudios cost\u00f3, pero acab\u00e9 dedic\u00e1ndome a lo que me hab\u00eda formado, y fue aqu\u00ed donde me lleve el primer golpe, que por seguro todos los que lean este art\u00edculo se lo habr\u00e1n llevado, y no es otro que el golpe de realidad cuando pasas de la formaci\u00f3n te\u00f3rica al trabajo pr\u00e1ctico, y es que cuando empec\u00e9 sent\u00ed que no sab\u00eda nada, y no es que no lo supiera, si no que todav\u00eda no ten\u00eda desarrollada la habilidad m\u00e1s importante que una persona pueda tener, la habilidad de adaptarse al medio y a las situaciones. Gracias a la experiencia laboral que obtuve y sigo obteniendo, cada vez voy haciendo mas fuerte dicha habilidad junto a otras de igual importancia, pero que ya conoc\u00eda de antes. Y es este el punto de mi vida en el que vuelve a florecer esa pasi\u00f3n que ten\u00eda de m\u00e1s peque\u00f1o, pero estamos en un escenario diferente. \u00bfQu\u00e9 podr\u00eda ocurrir si mezclamos pasi\u00f3n, seguridad y experiencia?, pues que ya no dudas del camino que quieres elegir, y as\u00ed fue, decid\u00ed ser la persone que quise pero no pude. <\/p>\n\n\n\n<p class=\"has-text-align-center has-intrace-primary-color has-text-color has-link-color wp-elements-330aae618c370c8a3b2fc6b70f6ed248\" style=\"margin-top:var(--wp--preset--spacing--50);margin-right:var(--wp--preset--spacing--70);margin-bottom:var(--wp--preset--spacing--50);margin-left:var(--wp--preset--spacing--70)\">Comenc\u00e9 a estudiar dise\u00f1o gr\u00e1fico. <\/p>\n\n\n\n<p class=\"has-text-align-center has-intrace-primary-color has-text-color has-link-color wp-elements-9461d3c64229c8726e5e7a1e60e1de66\" style=\"margin-top:var(--wp--preset--spacing--50);margin-right:var(--wp--preset--spacing--70);margin-bottom:var(--wp--preset--spacing--50);margin-left:var(--wp--preset--spacing--70)\">Al principio fue por mi cuenta, en las tardes libres que me permit\u00eda tener mi trabajo, con videos de YouTube y tutoriales fui adentr\u00e1ndome en la actualidad del dise\u00f1o, en las personas m\u00e1s relevantes y las disciplinas que exist\u00edan, as\u00ed como en el manejo de los programas m\u00e1s profesionales. Me sent\u00ed genial, s\u00faper motivado, con mil millones de ideas y planes de futuro, por lo que decid\u00ed dar un paso al frente y estudiar en serio, por lo que comenc\u00e9 un curso de dise\u00f1o gr\u00e1fico en la academia Master D, curso de un a\u00f1o de duraci\u00f3n que me plantear\u00eda un reto personal y profesional, ya que ten\u00eda que compaginarlo con mi trabajo, mi vida personal y la m\u00fasica. Por supuesto lo finalic\u00e9 con matr\u00edcula, porque cuando haces lo que te apasiona, se nota y mucho. <\/p>\n\n\n\n<hr class=\"wp-block-separator has-alpha-channel-opacity\" style=\"margin-top:var(--wp--preset--spacing--70);margin-bottom:var(--wp--preset--spacing--70)\"\/>\n\n\n\n<figure class=\"wp-block-image aligncenter size-large is-style-rounded\"><img loading=\"lazy\" decoding=\"async\" width=\"768\" height=\"1024\" src=\"https:\/\/alfonsojesusherrera.es\/wp-content\/uploads\/2024\/05\/DISENO-GRAFICO-768x1024.jpg\" alt=\"\" class=\"wp-image-129\" srcset=\"https:\/\/alfonsojesusherrera.es\/wp-content\/uploads\/2024\/05\/DISENO-GRAFICO-768x1024.jpg 768w, https:\/\/alfonsojesusherrera.es\/wp-content\/uploads\/2024\/05\/DISENO-GRAFICO-225x300.jpg 225w, https:\/\/alfonsojesusherrera.es\/wp-content\/uploads\/2024\/05\/DISENO-GRAFICO-1152x1536.jpg 1152w, https:\/\/alfonsojesusherrera.es\/wp-content\/uploads\/2024\/05\/DISENO-GRAFICO-1536x2048.jpg 1536w, https:\/\/alfonsojesusherrera.es\/wp-content\/uploads\/2024\/05\/DISENO-GRAFICO-scaled.jpg 1920w\" sizes=\"(max-width: 768px) 100vw, 768px\" \/><\/figure>\n\n\n\n<hr class=\"wp-block-separator has-alpha-channel-opacity\" style=\"margin-top:var(--wp--preset--spacing--70);margin-bottom:var(--wp--preset--spacing--70)\"\/>\n\n\n\n<p class=\"has-text-align-center has-intrace-primary-color has-text-color has-link-color wp-elements-be8c600853d277c4ba2f6ba1a179fd11\" style=\"margin-top:var(--wp--preset--spacing--80);margin-right:var(--wp--preset--spacing--80);margin-bottom:var(--wp--preset--spacing--80);margin-left:var(--wp--preset--spacing--80)\"><strong>Actualmente tengo varios proyectos entre manos, tanto profesionales como acad\u00e9micos, los cuales son fuente de motivaci\u00f3n para ser cada d\u00eda alguien mejor, m\u00e1s productivo y m\u00e1s feliz.<\/strong><\/p>\n","protected":false},"excerpt":{"rendered":"<p>Ca\u00eda el 11 de enero del a\u00f1o 1996 cuando vi por primera vez la luz del mundo. Ser\u00eda ah\u00ed cuando empezara mi camino hasta ser quien soy hoy, as\u00ed que, \u00bfpor qu\u00e9 no me acompa\u00f1as en este viaje por mi vida? &#8220;En el vasto escenario de la vida, eres el director de tu propia historia. \u00a1Lev\u00e1ntate cada ma\u00f1ana con determinaci\u00f3n, persigue tus sue\u00f1os con valent\u00eda y convierte cada obst\u00e1culo en una oportunidad para brillar con a\u00fan m\u00e1s fuerza!&#8221; Me considero una persona normal, con sus gustos, aficiones, d\u00edas buenos y no tan buenos, como todos en este planeta tan maravilloso.<\/p>\n","protected":false},"author":1,"featured_media":0,"parent":0,"menu_order":0,"comment_status":"closed","ping_status":"open","template":"","meta":{"footnotes":""},"class_list":["post-2","page","type-page","status-publish","hentry"],"_links":{"self":[{"href":"https:\/\/alfonsojesusherrera.es\/index.php?rest_route=\/wp\/v2\/pages\/2"}],"collection":[{"href":"https:\/\/alfonsojesusherrera.es\/index.php?rest_route=\/wp\/v2\/pages"}],"about":[{"href":"https:\/\/alfonsojesusherrera.es\/index.php?rest_route=\/wp\/v2\/types\/page"}],"author":[{"embeddable":true,"href":"https:\/\/alfonsojesusherrera.es\/index.php?rest_route=\/wp\/v2\/users\/1"}],"replies":[{"embeddable":true,"href":"https:\/\/alfonsojesusherrera.es\/index.php?rest_route=%2Fwp%2Fv2%2Fcomments&post=2"}],"version-history":[{"count":28,"href":"https:\/\/alfonsojesusherrera.es\/index.php?rest_route=\/wp\/v2\/pages\/2\/revisions"}],"predecessor-version":[{"id":140,"href":"https:\/\/alfonsojesusherrera.es\/index.php?rest_route=\/wp\/v2\/pages\/2\/revisions\/140"}],"wp:attachment":[{"href":"https:\/\/alfonsojesusherrera.es\/index.php?rest_route=%2Fwp%2Fv2%2Fmedia&parent=2"}],"curies":[{"name":"wp","href":"https:\/\/api.w.org\/{rel}","templated":true}]}}