{"id":5,"date":"2024-01-31T20:31:16","date_gmt":"2024-01-31T19:31:16","guid":{"rendered":"https:\/\/alfonsojesusherrera.es\/?page_id=5"},"modified":"2024-08-29T10:31:18","modified_gmt":"2024-08-29T08:31:18","slug":"portfolio-alfonso-jesus","status":"publish","type":"page","link":"https:\/\/alfonsojesusherrera.es\/?page_id=5","title":{"rendered":"Portfolio"},"content":{"rendered":"\n<p class=\"has-text-align-center has-intrace-primary-color has-luminous-vivid-amber-background-color has-text-color has-background has-link-color has-large-font-size wp-elements-380df5f306cba290b18fd2a5bce50c6b\"><strong>\u00a1Apartado en construcci\u00f3n!<\/strong><\/p>\n\n\n\n<p class=\"has-text-align-center has-luminous-vivid-amber-color has-intrace-primary-background-color has-text-color has-background has-link-color wp-elements-0d4445c846a5a16c5e60a30e6cc19fcc\"><strong>Estoy trabajando para crear contenido un contenido \u00fanico, ya falta menos para abrir el tr\u00e1fico por aqu\u00ed.<\/strong><\/p>\n\n\n\n<p class=\"has-text-align-center has-intrace-primary-color has-luminous-vivid-amber-background-color has-text-color has-background has-link-color wp-elements-c9f87402700ac10df21cea5ecc1f30a5\"><strong>Mientras tanto pod\u00e9is echar un peque\u00f1o vistazo al adelanto. \ud83e\udd13<\/strong><\/p>\n\n\n\n<p><\/p>\n\n\n\n<blockquote class=\"wp-block-quote is-layout-flow wp-block-quote-is-layout-flow\">\n<div class=\"wp-block-cover aligncenter\" style=\"border-width:8px;border-radius:53px;margin-top:var(--wp--preset--spacing--60);margin-bottom:var(--wp--preset--spacing--60);padding-top:var(--wp--preset--spacing--40);padding-right:var(--wp--preset--spacing--40);padding-bottom:var(--wp--preset--spacing--40);padding-left:var(--wp--preset--spacing--40);min-height:689px;aspect-ratio:unset;\"><span aria-hidden=\"true\" class=\"wp-block-cover__background has-background-dim\"><\/span><img loading=\"lazy\" decoding=\"async\" width=\"2000\" height=\"2084\" class=\"wp-block-cover__image-background wp-image-227\" alt=\"\" src=\"http:\/\/alfonsojesusherrera.es\/wp-content\/uploads\/2024\/06\/Avion-papel.jpg\" style=\"object-position:51% 51%\" data-object-fit=\"cover\" data-object-position=\"51% 51%\" srcset=\"https:\/\/alfonsojesusherrera.es\/wp-content\/uploads\/2024\/06\/Avion-papel.jpg 2000w, https:\/\/alfonsojesusherrera.es\/wp-content\/uploads\/2024\/06\/Avion-papel-288x300.jpg 288w, https:\/\/alfonsojesusherrera.es\/wp-content\/uploads\/2024\/06\/Avion-papel-983x1024.jpg 983w, https:\/\/alfonsojesusherrera.es\/wp-content\/uploads\/2024\/06\/Avion-papel-768x800.jpg 768w, https:\/\/alfonsojesusherrera.es\/wp-content\/uploads\/2024\/06\/Avion-papel-1474x1536.jpg 1474w, https:\/\/alfonsojesusherrera.es\/wp-content\/uploads\/2024\/06\/Avion-papel-1965x2048.jpg 1965w\" sizes=\"(max-width: 2000px) 100vw, 2000px\" \/><div class=\"wp-block-cover__inner-container is-layout-constrained wp-container-core-cover-is-layout-1 wp-block-cover-is-layout-constrained\">\n<figure class=\"wp-block-pullquote\"><blockquote><p>El dise\u00f1o que enamora vive,<br>por eso mira con el coraz\u00f3n,<br>siente por los ojos,<br>y eval\u00faa en el ambiente,<br>pero sobre todo,<br>conecta con el alma.<\/p><cite>YUGEN Visual Desig<\/cite><\/blockquote><\/figure>\n<\/div><\/div>\n<\/blockquote>\n\n\n\n<p class=\"has-intrace-primary-color has-text-color has-link-color wp-elements-4466d6d1bd2054157e79aba93040cd95\"><\/p>\n\n\n\n<figure class=\"wp-block-gallery aligncenter has-nested-images columns-3 is-cropped wp-block-gallery-1 is-layout-flex wp-block-gallery-is-layout-flex\">\n<figure class=\"wp-block-image size-full has-custom-border is-style-default\"><img loading=\"lazy\" decoding=\"async\" width=\"2000\" height=\"1333\" data-id=\"174\" src=\"https:\/\/alfonsojesusherrera.es\/wp-content\/uploads\/2024\/05\/Fachada-YUGEN-1.jpg\" alt=\"\" class=\"wp-image-174\" style=\"border-radius:100px\" srcset=\"https:\/\/alfonsojesusherrera.es\/wp-content\/uploads\/2024\/05\/Fachada-YUGEN-1.jpg 2000w, https:\/\/alfonsojesusherrera.es\/wp-content\/uploads\/2024\/05\/Fachada-YUGEN-1-300x200.jpg 300w, https:\/\/alfonsojesusherrera.es\/wp-content\/uploads\/2024\/05\/Fachada-YUGEN-1-1024x682.jpg 1024w, https:\/\/alfonsojesusherrera.es\/wp-content\/uploads\/2024\/05\/Fachada-YUGEN-1-768x512.jpg 768w, https:\/\/alfonsojesusherrera.es\/wp-content\/uploads\/2024\/05\/Fachada-YUGEN-1-1536x1024.jpg 1536w\" sizes=\"(max-width: 2000px) 100vw, 2000px\" \/><figcaption class=\"wp-element-caption\"><strong>Proyecto Yugen Visual Design<\/strong><\/figcaption><\/figure>\n\n\n\n<figure class=\"wp-block-image size-large has-custom-border\"><img loading=\"lazy\" decoding=\"async\" width=\"1024\" height=\"1024\" data-id=\"173\" src=\"https:\/\/alfonsojesusherrera.es\/wp-content\/uploads\/2024\/05\/logo-isolux-1-1-1-1024x1024.jpg\" alt=\"\" class=\"wp-image-173\" style=\"border-radius:100px\" srcset=\"https:\/\/alfonsojesusherrera.es\/wp-content\/uploads\/2024\/05\/logo-isolux-1-1-1-1024x1024.jpg 1024w, https:\/\/alfonsojesusherrera.es\/wp-content\/uploads\/2024\/05\/logo-isolux-1-1-1-300x300.jpg 300w, https:\/\/alfonsojesusherrera.es\/wp-content\/uploads\/2024\/05\/logo-isolux-1-1-1-150x150.jpg 150w, https:\/\/alfonsojesusherrera.es\/wp-content\/uploads\/2024\/05\/logo-isolux-1-1-1-768x768.jpg 768w, https:\/\/alfonsojesusherrera.es\/wp-content\/uploads\/2024\/05\/logo-isolux-1-1-1.jpg 1080w\" sizes=\"(max-width: 1024px) 100vw, 1024px\" \/><figcaption class=\"wp-element-caption\"><strong>Proyecto Isolux<\/strong><\/figcaption><\/figure>\n\n\n\n<figure class=\"wp-block-image size-full has-custom-border\"><img loading=\"lazy\" decoding=\"async\" width=\"1000\" height=\"750\" data-id=\"172\" src=\"https:\/\/alfonsojesusherrera.es\/wp-content\/uploads\/2024\/05\/Collage-Perfil-de-Mar-y-Tierra.jpg\" alt=\"\" class=\"wp-image-172\" style=\"border-radius:100px\" srcset=\"https:\/\/alfonsojesusherrera.es\/wp-content\/uploads\/2024\/05\/Collage-Perfil-de-Mar-y-Tierra.jpg 1000w, https:\/\/alfonsojesusherrera.es\/wp-content\/uploads\/2024\/05\/Collage-Perfil-de-Mar-y-Tierra-300x225.jpg 300w, https:\/\/alfonsojesusherrera.es\/wp-content\/uploads\/2024\/05\/Collage-Perfil-de-Mar-y-Tierra-768x576.jpg 768w\" sizes=\"(max-width: 1000px) 100vw, 1000px\" \/><figcaption class=\"wp-element-caption\"><strong>Creative Eden &#8211; Fotomontaje<\/strong><\/figcaption><\/figure>\n\n\n\n<figure class=\"wp-block-image size-full has-custom-border is-style-rounded\"><img loading=\"lazy\" decoding=\"async\" width=\"664\" height=\"1000\" data-id=\"171\" src=\"https:\/\/alfonsojesusherrera.es\/wp-content\/uploads\/2024\/05\/MCKP-ADIDAS-1.jpg\" alt=\"\" class=\"wp-image-171\" style=\"border-radius:100px\" srcset=\"https:\/\/alfonsojesusherrera.es\/wp-content\/uploads\/2024\/05\/MCKP-ADIDAS-1.jpg 664w, https:\/\/alfonsojesusherrera.es\/wp-content\/uploads\/2024\/05\/MCKP-ADIDAS-1-199x300.jpg 199w\" sizes=\"(max-width: 664px) 100vw, 664px\" \/><figcaption class=\"wp-element-caption\"><strong>Cartel publicitario para Adidas<\/strong><\/figcaption><\/figure>\n\n\n\n<figure class=\"wp-block-image size-full has-custom-border\"><img loading=\"lazy\" decoding=\"async\" width=\"1000\" height=\"1414\" data-id=\"170\" src=\"https:\/\/alfonsojesusherrera.es\/wp-content\/uploads\/2024\/05\/Ejercicio-obligatorio-Cartel-Snack-1-1.jpg\" alt=\"\" class=\"wp-image-170\" style=\"border-radius:100px\" srcset=\"https:\/\/alfonsojesusherrera.es\/wp-content\/uploads\/2024\/05\/Ejercicio-obligatorio-Cartel-Snack-1-1.jpg 1000w, https:\/\/alfonsojesusherrera.es\/wp-content\/uploads\/2024\/05\/Ejercicio-obligatorio-Cartel-Snack-1-1-212x300.jpg 212w, https:\/\/alfonsojesusherrera.es\/wp-content\/uploads\/2024\/05\/Ejercicio-obligatorio-Cartel-Snack-1-1-724x1024.jpg 724w, https:\/\/alfonsojesusherrera.es\/wp-content\/uploads\/2024\/05\/Ejercicio-obligatorio-Cartel-Snack-1-1-768x1086.jpg 768w\" sizes=\"(max-width: 1000px) 100vw, 1000px\" \/><figcaption class=\"wp-element-caption\"><strong>Anuncio publicitario para Red Bull<\/strong><\/figcaption><\/figure>\n\n\n\n<figure class=\"wp-block-image size-full has-custom-border\"><img loading=\"lazy\" decoding=\"async\" width=\"595\" height=\"842\" data-id=\"169\" src=\"https:\/\/alfonsojesusherrera.es\/wp-content\/uploads\/2024\/05\/Cartel-festival-DELANTERA-1.jpg\" alt=\"\" class=\"wp-image-169\" style=\"border-radius:100px\" srcset=\"https:\/\/alfonsojesusherrera.es\/wp-content\/uploads\/2024\/05\/Cartel-festival-DELANTERA-1.jpg 595w, https:\/\/alfonsojesusherrera.es\/wp-content\/uploads\/2024\/05\/Cartel-festival-DELANTERA-1-212x300.jpg 212w\" sizes=\"(max-width: 595px) 100vw, 595px\" \/><figcaption class=\"wp-element-caption\"><strong>Cartel PROTONFEST<\/strong><\/figcaption><\/figure>\n<\/figure>\n","protected":false},"excerpt":{"rendered":"<p>\u00a1Apartado en construcci\u00f3n! Estoy trabajando para crear contenido un contenido \u00fanico, ya falta menos para abrir el tr\u00e1fico por aqu\u00ed. Mientras tanto pod\u00e9is echar un peque\u00f1o vistazo al adelanto. \ud83e\udd13<\/p>\n","protected":false},"author":1,"featured_media":0,"parent":0,"menu_order":0,"comment_status":"closed","ping_status":"closed","template":"","meta":{"footnotes":""},"class_list":["post-5","page","type-page","status-publish","hentry"],"_links":{"self":[{"href":"https:\/\/alfonsojesusherrera.es\/index.php?rest_route=\/wp\/v2\/pages\/5"}],"collection":[{"href":"https:\/\/alfonsojesusherrera.es\/index.php?rest_route=\/wp\/v2\/pages"}],"about":[{"href":"https:\/\/alfonsojesusherrera.es\/index.php?rest_route=\/wp\/v2\/types\/page"}],"author":[{"embeddable":true,"href":"https:\/\/alfonsojesusherrera.es\/index.php?rest_route=\/wp\/v2\/users\/1"}],"replies":[{"embeddable":true,"href":"https:\/\/alfonsojesusherrera.es\/index.php?rest_route=%2Fwp%2Fv2%2Fcomments&post=5"}],"version-history":[{"count":17,"href":"https:\/\/alfonsojesusherrera.es\/index.php?rest_route=\/wp\/v2\/pages\/5\/revisions"}],"predecessor-version":[{"id":260,"href":"https:\/\/alfonsojesusherrera.es\/index.php?rest_route=\/wp\/v2\/pages\/5\/revisions\/260"}],"wp:attachment":[{"href":"https:\/\/alfonsojesusherrera.es\/index.php?rest_route=%2Fwp%2Fv2%2Fmedia&parent=5"}],"curies":[{"name":"wp","href":"https:\/\/api.w.org\/{rel}","templated":true}]}}